{"id":19163,"date":"2020-12-30T11:12:41","date_gmt":"2020-12-30T09:12:41","guid":{"rendered":"https:\/\/dioncoffeebar.com\/contact\/"},"modified":"2025-05-13T01:38:53","modified_gmt":"2025-05-12T23:38:53","slug":"kontakt","status":"publish","type":"page","link":"https:\/\/dioncoffeebar.com\/sq\/kontakt\/","title":{"rendered":"Kontakt"},"content":{"rendered":"\t\t<div data-elementor-type=\"wp-page\" data-elementor-id=\"19163\" class=\"elementor elementor-19163 elementor-1453\">\n\t\t\t\t\t\t<section class=\"elementor-section elementor-top-section elementor-element elementor-element-caac822 elementor-section-boxed elementor-section-height-default elementor-section-height-default sc_fly_static\" data-id=\"caac822\" data-element_type=\"section\">\n\t\t\t\t\t\t<div class=\"elementor-container elementor-column-gap-extended\">\n\t\t\t\t\t<div class=\"elementor-column elementor-col-33 elementor-top-column elementor-element elementor-element-57383d9 sc_content_align_inherit sc_layouts_column_icons_position_left sc_fly_static\" data-id=\"57383d9\" data-element_type=\"column\">\n\t\t\t<div class=\"elementor-widget-wrap elementor-element-populated\">\n\t\t\t\t\t\t<div class=\"elementor-element elementor-element-9a9945c sc_layouts_hide_on_mobile sc_fly_static elementor-widget elementor-widget-spacer\" data-id=\"9a9945c\" data-element_type=\"widget\" data-widget_type=\"spacer.default\">\n\t\t\t\t<div class=\"elementor-widget-container\">\n\t\t\t\t\t\t\t<div class=\"elementor-spacer\">\n\t\t\t<div class=\"elementor-spacer-inner\"><\/div>\n\t\t<\/div>\n\t\t\t\t\t\t<\/div>\n\t\t\t\t<\/div>\n\t\t\t\t<div class=\"elementor-element elementor-element-a82c94e sc_fly_static elementor-widget elementor-widget-trx_sc_title\" data-id=\"a82c94e\" data-element_type=\"widget\" data-widget_type=\"trx_sc_title.default\">\n\t\t\t\t<div class=\"elementor-widget-container\">\n\t\t\t\t\t<div\t\tclass=\"sc_title sc_title_default\" ><h4 class=\"sc_item_title sc_title_title sc_item_title_style_default sc_item_title_tag\"\n\t\t\t><span class=\"sc_item_title_text\">Detajet e kontaktit<\/span><\/h4><\/div>\t\t\t\t<\/div>\n\t\t\t\t<\/div>\n\t\t\t\t<div class=\"elementor-element elementor-element-0594ee0 sc_fly_static elementor-widget elementor-widget-spacer\" data-id=\"0594ee0\" data-element_type=\"widget\" data-widget_type=\"spacer.default\">\n\t\t\t\t<div class=\"elementor-widget-container\">\n\t\t\t\t\t\t\t<div class=\"elementor-spacer\">\n\t\t\t<div class=\"elementor-spacer-inner\"><\/div>\n\t\t<\/div>\n\t\t\t\t\t\t<\/div>\n\t\t\t\t<\/div>\n\t\t\t\t<div class=\"elementor-element elementor-element-8278c1d sc_fly_static elementor-widget elementor-widget-trx_sc_icons\" data-id=\"8278c1d\" data-element_type=\"widget\" data-widget_type=\"trx_sc_icons.default\">\n\t\t\t\t<div class=\"elementor-widget-container\">\n\t\t\t\t\t<div \tclass=\"sc_icons sc_icons_simple sc_icons_size_small sc_align_none\" ><div class=\"sc_icons_item sc_icons_item_linked\"><div class=\"sc_icons_image\" ><img decoding=\"async\" src=\"\/\/dioncoffeebar.com\/wp-content\/uploads\/2025\/05\/location.png\" alt=\"Icon\" width=\"16\" height=\"16\"><\/div><div class=\"sc_icons_item_details\"><div class=\"sc_icons_item_description\"><span>Rruga Donald Trump, Kam\u00ebz<\/span><\/div><a href=\"https:\/\/maps.app.goo.gl\/Jey8hWfWYmjYBZs66\"\r\n                        class=\"sc_icons_item_link\">\r\n                        <\/a><\/div><\/div><div class=\"sc_icons_item sc_icons_item_linked\"><div class=\"sc_icons_image\" ><img decoding=\"async\" src=\"\/\/dioncoffeebar.com\/wp-content\/uploads\/2025\/05\/phone-call-1.png\" alt=\"Icon\" width=\"16\" height=\"16\"><\/div><div class=\"sc_icons_item_details\"><div class=\"sc_icons_item_description\"><span>+355 68 519 5862<\/span><\/div><a href=\"tel:0685195862\"\r\n                        class=\"sc_icons_item_link\">\r\n                        <\/a><\/div><\/div><div class=\"sc_icons_item sc_icons_item_linked\"><div class=\"sc_icons_image\" ><img decoding=\"async\" src=\"\/\/dioncoffeebar.com\/wp-content\/uploads\/2025\/05\/email.png\" alt=\"Icon\" width=\"16\" height=\"16\"><\/div><div class=\"sc_icons_item_details\"><div class=\"sc_icons_item_description\"><span>info@dioncoffeebar.com<\/span><\/div><a href=\"mailto:info@dioncoffeebar.com\"\r\n                        class=\"sc_icons_item_link\">\r\n                        <\/a><\/div><\/div><\/div><!-- \/.sc_icons -->\t\t\t\t<\/div>\n\t\t\t\t<\/div>\n\t\t\t\t<div class=\"elementor-element elementor-element-04cc8a1 sc_fly_static elementor-widget elementor-widget-spacer\" data-id=\"04cc8a1\" data-element_type=\"widget\" data-widget_type=\"spacer.default\">\n\t\t\t\t<div class=\"elementor-widget-container\">\n\t\t\t\t\t\t\t<div class=\"elementor-spacer\">\n\t\t\t<div class=\"elementor-spacer-inner\"><\/div>\n\t\t<\/div>\n\t\t\t\t\t\t<\/div>\n\t\t\t\t<\/div>\n\t\t\t\t<div class=\"elementor-element elementor-element-8c03134 sc_fly_static elementor-widget elementor-widget-trx_sc_socials\" data-id=\"8c03134\" data-element_type=\"widget\" data-widget_type=\"trx_sc_socials.default\">\n\t\t\t\t<div class=\"elementor-widget-container\">\n\t\t\t\t\t<div  \n\t\tclass=\"sc_socials sc_socials_default sc_align_none\" ><div class=\"socials_wrap sc_item_content\"><a target=\"_blank\" href=\"https:\/\/www.instagram.com\/dion_coffee_bar\/\" class=\"social_item social_item_style_icons sc_icon_type_icons social_item_type_icons\"><span class=\"social_icon social_icon_instagram\" style=\"\"><span class=\"icon-instagram\"><\/span><\/span><\/a><a target=\"_blank\" href=\"https:\/\/www.instagram.com\/dion_coffee_bar\/\" class=\"social_item social_item_style_icons sc_icon_type_icons social_item_type_icons\"><span class=\"social_icon social_icon_facebook\" style=\"\"><span class=\"icon-facebook\"><\/span><\/span><\/a><\/div><\/div>\t\t\t\t<\/div>\n\t\t\t\t<\/div>\n\t\t\t\t<div class=\"elementor-element elementor-element-449e67f sc_height_medium sc_layouts_hide_on_wide sc_layouts_hide_on_desktop sc_layouts_hide_on_notebook sc_layouts_hide_on_tablet sc_fly_static elementor-widget elementor-widget-spacer\" data-id=\"449e67f\" data-element_type=\"widget\" data-widget_type=\"spacer.default\">\n\t\t\t\t<div class=\"elementor-widget-container\">\n\t\t\t\t\t\t\t<div class=\"elementor-spacer\">\n\t\t\t<div class=\"elementor-spacer-inner\"><\/div>\n\t\t<\/div>\n\t\t\t\t\t\t<\/div>\n\t\t\t\t<\/div>\n\t\t\t\t\t<\/div>\n\t\t<\/div>\n\t\t\t\t<div class=\"elementor-column elementor-col-66 elementor-top-column elementor-element elementor-element-b862238 sc_content_align_inherit sc_layouts_column_icons_position_left sc_fly_static\" data-id=\"b862238\" data-element_type=\"column\">\n\t\t\t<div class=\"elementor-widget-wrap elementor-element-populated\">\n\t\t\t\t\t\t<div class=\"elementor-element elementor-element-7317bac sc_fly_static elementor-widget elementor-widget-trx_sc_contact_form_7\" data-id=\"7317bac\" data-element_type=\"widget\" data-widget_type=\"trx_sc_contact_form_7.default\">\n\t\t\t\t<div class=\"elementor-widget-container\">\n\t\t\t\t\t\n<div class=\"wpcf7 no-js\" id=\"wpcf7-f18273-o1\" lang=\"en-US\" dir=\"ltr\" data-wpcf7-id=\"18273\">\n<div class=\"screen-reader-response\"><p role=\"status\" aria-live=\"polite\" aria-atomic=\"true\"><\/p> <ul><\/ul><\/div>\n<form action=\"\/sq\/wp-json\/wp\/v2\/pages\/19163#wpcf7-f18273-o1\" method=\"post\" class=\"wpcf7-form init\" aria-label=\"Contact form\" novalidate=\"novalidate\" data-status=\"init\">\n<div style=\"display: none;\">\n<input type=\"hidden\" name=\"_wpcf7\" value=\"18273\" \/>\n<input type=\"hidden\" name=\"_wpcf7_version\" value=\"6.0.6\" \/>\n<input type=\"hidden\" name=\"_wpcf7_locale\" value=\"en_US\" \/>\n<input type=\"hidden\" name=\"_wpcf7_unit_tag\" value=\"wpcf7-f18273-o1\" \/>\n<input type=\"hidden\" name=\"_wpcf7_container_post\" value=\"0\" \/>\n<input type=\"hidden\" name=\"_wpcf7_posted_data_hash\" value=\"\" \/>\n<\/div>\n<div class=\"form-style-3\">\n\t<div class=\"columns_wrap\">\n\t\t<div class=\"column-1_2\">\n\t\t\t<p><span class=\"style-line icon-name\"><span class=\"wpcf7-form-control-wrap\" data-name=\"your-name\"><input size=\"40\" maxlength=\"400\" class=\"wpcf7-form-control wpcf7-text wpcf7-validates-as-required\" aria-required=\"true\" aria-invalid=\"false\" placeholder=\"Emri\" value=\"\" type=\"text\" name=\"your-name\" \/><\/span><\/span>\n\t\t\t<\/p>\n\t\t<\/div>\n\t\t<div class=\"column-1_2\">\n\t\t\t<p><span class=\"style-line icon-email\"><span class=\"wpcf7-form-control-wrap\" data-name=\"your-email\"><input size=\"40\" maxlength=\"400\" class=\"wpcf7-form-control wpcf7-email wpcf7-validates-as-required wpcf7-text wpcf7-validates-as-email\" aria-required=\"true\" aria-invalid=\"false\" placeholder=\"Email\" value=\"\" type=\"email\" name=\"your-email\" \/><\/span><\/span>\n\t\t\t<\/p>\n\t\t<\/div>\n\t<\/div>\n\t<div class=\"columns_wrap\">\n\t\t<div class=\"column-1_2\">\n\t\t\t<p><span class=\"style-line icon-phone\"><span class=\"wpcf7-form-control-wrap\" data-name=\"phone\"><input size=\"40\" maxlength=\"400\" class=\"wpcf7-form-control wpcf7-tel wpcf7-validates-as-required wpcf7-text wpcf7-validates-as-tel\" aria-required=\"true\" aria-invalid=\"false\" placeholder=\"Telefon\" value=\"\" type=\"tel\" name=\"phone\" \/><\/span><\/span>\n\t\t\t<\/p>\n\t\t<\/div>\n\t\t<div class=\"column-1_2\">\n\t\t\t<p><span class=\"style-line icon-subject\"><span class=\"wpcf7-form-control-wrap\" data-name=\"subject\"><input size=\"40\" maxlength=\"400\" class=\"wpcf7-form-control wpcf7-text wpcf7-validates-as-required\" aria-required=\"true\" aria-invalid=\"false\" placeholder=\"Subjekti\" value=\"\" type=\"text\" name=\"subject\" \/><\/span><\/span>\n\t\t\t<\/p>\n\t\t<\/div>\n\t<\/div>\n\t<div class=\"columns_wrap margin-bottom\">\n\t\t<div class=\"column-1_1\">\n\t\t\t<p><span class=\"style-line icon-textarea\"><span class=\"wpcf7-form-control-wrap\" data-name=\"your-message\"><textarea cols=\"40\" rows=\"10\" maxlength=\"2000\" class=\"wpcf7-form-control wpcf7-textarea wpcf7-validates-as-required\" aria-required=\"true\" aria-invalid=\"false\" placeholder=\"Si mund t&#039;ju ndihmojm\u00eb?\" name=\"your-message\"><\/textarea><\/span><\/span>\n\t\t\t<\/p>\n\t\t<\/div>\n\t<\/div>\n\t<p><input class=\"wpcf7-form-control wpcf7-submit has-spinner\" type=\"submit\" value=\"Na kontaktoni\" \/><span class=\"wpcf7-form-control-wrap\" data-name=\"acceptance\"><span class=\"wpcf7-form-control wpcf7-acceptance\"><span class=\"wpcf7-list-item\"><label><input type=\"checkbox\" name=\"acceptance\" value=\"1\" aria-invalid=\"false\" \/><span class=\"wpcf7-list-item-label\">Pajtohem q\u00eb t\u00eb dh\u00ebnat e mia <a href=\"\/privacy-policy\/\">t\u00eb mblidhen dhe ruhen<\/a>.<\/span><\/label><\/span><\/span><\/span>\n\t<\/p>\n<\/div><div class=\"wpcf7-response-output\" aria-hidden=\"true\"><\/div>\n<\/form>\n<\/div>\n\t\t\t\t<\/div>\n\t\t\t\t<\/div>\n\t\t\t\t\t<\/div>\n\t\t<\/div>\n\t\t\t\t\t<\/div>\n\t\t<\/section>\n\t\t\t\t<section class=\"elementor-section elementor-top-section elementor-element elementor-element-b35b84a elementor-section-full_width elementor-section-height-default elementor-section-height-default sc_fly_static\" data-id=\"b35b84a\" data-element_type=\"section\">\n\t\t\t\t\t\t<div class=\"elementor-container elementor-column-gap-no\">\n\t\t\t\t\t<div class=\"elementor-column elementor-col-100 elementor-top-column elementor-element elementor-element-d92b45a sc_content_align_inherit sc_layouts_column_icons_position_left sc_fly_static\" data-id=\"d92b45a\" data-element_type=\"column\">\n\t\t\t<div class=\"elementor-widget-wrap elementor-element-populated\">\n\t\t\t\t\t\t<div class=\"elementor-element elementor-element-0a4c225 sc_fly_static elementor-widget elementor-widget-trx_sc_googlemap\" data-id=\"0a4c225\" data-element_type=\"widget\" data-widget_type=\"trx_sc_googlemap.default\">\n\t\t\t\t<div class=\"elementor-widget-container\">\n\t\t\t\t\t<div id=\"sc_googlemap_1827506233_wrap\" class=\"sc_googlemap_wrap\"><div id=\"sc_googlemap_1827506233\"\t\t\tclass=\"sc_item_content sc_map sc_googlemap sc_googlemap_default trx_addons_inline_999530397\"\n\t\t\t \t\t\tdata-zoom=\"15\"\n\t\t\tdata-center=\"\"\n\t\t\tdata-style=\"dark-gold\"\n\t\t\tdata-map-id=\"\"\n\t\t\tdata-cluster-icon=\"\"\n\t\t\t><iframe\n\t\t\t\t\t\tsrc=\"https:\/\/maps.google.com\/maps?t=m&output=embed&iwloc=near&z=15&q=Rruga+Donald+Trump%2C+Kam%C3%ABz\"\n\t\t\t\t\t\taria-label=\"One\"><\/iframe><\/div><\/div>\t\t\t\t<\/div>\n\t\t\t\t<\/div>\n\t\t\t\t\t<\/div>\n\t\t<\/div>\n\t\t\t\t\t<\/div>\n\t\t<\/section>\n\t\t\t\t<\/div>\n\t\t","protected":false},"excerpt":{"rendered":"<p>Detajet e kontaktit Rruga Donald Trump, Kam\u00ebz +355 68 519 5862 info@dioncoffeebar.com Pajtohem q\u00eb t\u00eb dh\u00ebnat e mia t\u00eb mblidhen dhe ruhen.<\/p>\n","protected":false},"author":1,"featured_media":0,"parent":0,"menu_order":0,"comment_status":"closed","ping_status":"closed","template":"","meta":{"footnotes":""},"class_list":["post-19163","page","type-page","status-publish","hentry"],"yoast_head":"<!-- This site is optimized with the Yoast SEO plugin v25.1 - https:\/\/yoast.com\/wordpress\/plugins\/seo\/ -->\n<title>Kontakt - Dion Coffee Bar<\/title>\n<meta name=\"robots\" content=\"index, follow, max-snippet:-1, max-image-preview:large, max-video-preview:-1\" \/>\n<link rel=\"canonical\" href=\"https:\/\/dioncoffeebar.com\/sq\/kontakt\/\" \/>\n<meta property=\"og:locale\" content=\"sq_AL\" \/>\n<meta property=\"og:type\" content=\"article\" \/>\n<meta property=\"og:title\" content=\"Kontakt - Dion Coffee Bar\" \/>\n<meta property=\"og:description\" content=\"Detajet e kontaktit Rruga Donald Trump, Kam\u00ebz +355 68 519 5862 info@dioncoffeebar.com Pajtohem q\u00eb t\u00eb dh\u00ebnat e mia t\u00eb mblidhen dhe ruhen.\" \/>\n<meta property=\"og:url\" content=\"https:\/\/dioncoffeebar.com\/sq\/kontakt\/\" \/>\n<meta property=\"og:site_name\" content=\"Dion Coffee Bar\" \/>\n<meta property=\"article:modified_time\" content=\"2025-05-12T23:38:53+00:00\" \/>\n<meta name=\"twitter:card\" content=\"summary_large_image\" \/>\n<script type=\"application\/ld+json\" class=\"yoast-schema-graph\">{\"@context\":\"https:\/\/schema.org\",\"@graph\":[{\"@type\":\"WebPage\",\"@id\":\"https:\/\/dioncoffeebar.com\/sq\/kontakt\/\",\"url\":\"https:\/\/dioncoffeebar.com\/sq\/kontakt\/\",\"name\":\"Kontakt - Dion Coffee Bar\",\"isPartOf\":{\"@id\":\"https:\/\/dioncoffeebar.com\/#website\"},\"datePublished\":\"2020-12-30T09:12:41+00:00\",\"dateModified\":\"2025-05-12T23:38:53+00:00\",\"breadcrumb\":{\"@id\":\"https:\/\/dioncoffeebar.com\/sq\/kontakt\/#breadcrumb\"},\"inLanguage\":\"sq-AL\",\"potentialAction\":[{\"@type\":\"ReadAction\",\"target\":[\"https:\/\/dioncoffeebar.com\/sq\/kontakt\/\"]}]},{\"@type\":\"BreadcrumbList\",\"@id\":\"https:\/\/dioncoffeebar.com\/sq\/kontakt\/#breadcrumb\",\"itemListElement\":[{\"@type\":\"ListItem\",\"position\":1,\"name\":\"Home\",\"item\":\"https:\/\/dioncoffeebar.com\/\"},{\"@type\":\"ListItem\",\"position\":2,\"name\":\"Kontakt\"}]},{\"@type\":\"WebSite\",\"@id\":\"https:\/\/dioncoffeebar.com\/#website\",\"url\":\"https:\/\/dioncoffeebar.com\/\",\"name\":\"Dion Coffee Bar\",\"description\":\"Lounge Bar Kamez\",\"publisher\":{\"@id\":\"https:\/\/dioncoffeebar.com\/#organization\"},\"potentialAction\":[{\"@type\":\"SearchAction\",\"target\":{\"@type\":\"EntryPoint\",\"urlTemplate\":\"https:\/\/dioncoffeebar.com\/?s={search_term_string}\"},\"query-input\":{\"@type\":\"PropertyValueSpecification\",\"valueRequired\":true,\"valueName\":\"search_term_string\"}}],\"inLanguage\":\"sq-AL\"},{\"@type\":\"Organization\",\"@id\":\"https:\/\/dioncoffeebar.com\/#organization\",\"name\":\"Dion Coffee Bar\",\"url\":\"https:\/\/dioncoffeebar.com\/\",\"logo\":{\"@type\":\"ImageObject\",\"inLanguage\":\"sq-AL\",\"@id\":\"https:\/\/dioncoffeebar.com\/#\/schema\/logo\/image\/\",\"url\":\"https:\/\/dioncoffeebar.com\/wp-content\/uploads\/2023\/03\/Dion-Old-Town-Lami.png\",\"contentUrl\":\"https:\/\/dioncoffeebar.com\/wp-content\/uploads\/2023\/03\/Dion-Old-Town-Lami.png\",\"width\":569,\"height\":569,\"caption\":\"Dion Coffee Bar\"},\"image\":{\"@id\":\"https:\/\/dioncoffeebar.com\/#\/schema\/logo\/image\/\"},\"sameAs\":[\"https:\/\/www.instagram.com\/dion_coffee_bar\/\"]}]}<\/script>\n<!-- \/ Yoast SEO plugin. -->","yoast_head_json":{"title":"Kontakt - Dion Coffee Bar","robots":{"index":"index","follow":"follow","max-snippet":"max-snippet:-1","max-image-preview":"max-image-preview:large","max-video-preview":"max-video-preview:-1"},"canonical":"https:\/\/dioncoffeebar.com\/sq\/kontakt\/","og_locale":"sq_AL","og_type":"article","og_title":"Kontakt - Dion Coffee Bar","og_description":"Detajet e kontaktit Rruga Donald Trump, Kam\u00ebz +355 68 519 5862 info@dioncoffeebar.com Pajtohem q\u00eb t\u00eb dh\u00ebnat e mia t\u00eb mblidhen dhe ruhen.","og_url":"https:\/\/dioncoffeebar.com\/sq\/kontakt\/","og_site_name":"Dion Coffee Bar","article_modified_time":"2025-05-12T23:38:53+00:00","twitter_card":"summary_large_image","schema":{"@context":"https:\/\/schema.org","@graph":[{"@type":"WebPage","@id":"https:\/\/dioncoffeebar.com\/sq\/kontakt\/","url":"https:\/\/dioncoffeebar.com\/sq\/kontakt\/","name":"Kontakt - Dion Coffee Bar","isPartOf":{"@id":"https:\/\/dioncoffeebar.com\/#website"},"datePublished":"2020-12-30T09:12:41+00:00","dateModified":"2025-05-12T23:38:53+00:00","breadcrumb":{"@id":"https:\/\/dioncoffeebar.com\/sq\/kontakt\/#breadcrumb"},"inLanguage":"sq-AL","potentialAction":[{"@type":"ReadAction","target":["https:\/\/dioncoffeebar.com\/sq\/kontakt\/"]}]},{"@type":"BreadcrumbList","@id":"https:\/\/dioncoffeebar.com\/sq\/kontakt\/#breadcrumb","itemListElement":[{"@type":"ListItem","position":1,"name":"Home","item":"https:\/\/dioncoffeebar.com\/"},{"@type":"ListItem","position":2,"name":"Kontakt"}]},{"@type":"WebSite","@id":"https:\/\/dioncoffeebar.com\/#website","url":"https:\/\/dioncoffeebar.com\/","name":"Dion Coffee Bar","description":"Lounge Bar Kamez","publisher":{"@id":"https:\/\/dioncoffeebar.com\/#organization"},"potentialAction":[{"@type":"SearchAction","target":{"@type":"EntryPoint","urlTemplate":"https:\/\/dioncoffeebar.com\/?s={search_term_string}"},"query-input":{"@type":"PropertyValueSpecification","valueRequired":true,"valueName":"search_term_string"}}],"inLanguage":"sq-AL"},{"@type":"Organization","@id":"https:\/\/dioncoffeebar.com\/#organization","name":"Dion Coffee Bar","url":"https:\/\/dioncoffeebar.com\/","logo":{"@type":"ImageObject","inLanguage":"sq-AL","@id":"https:\/\/dioncoffeebar.com\/#\/schema\/logo\/image\/","url":"https:\/\/dioncoffeebar.com\/wp-content\/uploads\/2023\/03\/Dion-Old-Town-Lami.png","contentUrl":"https:\/\/dioncoffeebar.com\/wp-content\/uploads\/2023\/03\/Dion-Old-Town-Lami.png","width":569,"height":569,"caption":"Dion Coffee Bar"},"image":{"@id":"https:\/\/dioncoffeebar.com\/#\/schema\/logo\/image\/"},"sameAs":["https:\/\/www.instagram.com\/dion_coffee_bar\/"]}]}},"_links":{"self":[{"href":"https:\/\/dioncoffeebar.com\/sq\/wp-json\/wp\/v2\/pages\/19163","targetHints":{"allow":["GET"]}}],"collection":[{"href":"https:\/\/dioncoffeebar.com\/sq\/wp-json\/wp\/v2\/pages"}],"about":[{"href":"https:\/\/dioncoffeebar.com\/sq\/wp-json\/wp\/v2\/types\/page"}],"author":[{"embeddable":true,"href":"https:\/\/dioncoffeebar.com\/sq\/wp-json\/wp\/v2\/users\/1"}],"replies":[{"embeddable":true,"href":"https:\/\/dioncoffeebar.com\/sq\/wp-json\/wp\/v2\/comments?post=19163"}],"version-history":[{"count":10,"href":"https:\/\/dioncoffeebar.com\/sq\/wp-json\/wp\/v2\/pages\/19163\/revisions"}],"predecessor-version":[{"id":19375,"href":"https:\/\/dioncoffeebar.com\/sq\/wp-json\/wp\/v2\/pages\/19163\/revisions\/19375"}],"wp:attachment":[{"href":"https:\/\/dioncoffeebar.com\/sq\/wp-json\/wp\/v2\/media?parent=19163"}],"curies":[{"name":"wp","href":"https:\/\/api.w.org\/{rel}","templated":true}]}}